{"id":1206,"date":"2026-01-22T20:17:40","date_gmt":"2026-01-22T23:17:40","guid":{"rendered":"https:\/\/www.g-strata.com\/?page_id=1206"},"modified":"2026-01-23T12:34:57","modified_gmt":"2026-01-23T15:34:57","slug":"georadar","status":"publish","type":"page","link":"https:\/\/www.g-strata.com\/en\/georadar\/","title":{"rendered":"Georadar"},"content":{"rendered":"<div data-elementor-type=\"wp-page\" data-elementor-id=\"1206\" class=\"elementor elementor-1206\">\n\t\t\t\t<div class=\"elementor-element elementor-element-c52c747 e-flex e-con-boxed e-con e-parent\" data-id=\"c52c747\" data-element_type=\"container\" data-settings=\"{&quot;background_background&quot;:&quot;classic&quot;}\">\n\t\t\t\t\t<div class=\"e-con-inner\">\n\t\t\t\t<div class=\"elementor-element elementor-element-70288e7 elementor-widget elementor-widget-heading\" data-id=\"70288e7\" data-element_type=\"widget\" data-widget_type=\"heading.default\">\n\t\t\t\t\t<h2 class=\"elementor-heading-title elementor-size-default\">Georadar (GPR)<\/h2>\t\t\t\t<\/div>\n\t\t\t\t\t<\/div>\n\t\t\t\t<\/div>\n\t\t<div class=\"elementor-element elementor-element-bfb1f09 e-flex e-con-boxed e-con e-parent\" data-id=\"bfb1f09\" data-element_type=\"container\">\n\t\t\t\t\t<div class=\"e-con-inner\">\n\t\t<div class=\"elementor-element elementor-element-00791da e-con-full e-flex e-con e-child\" data-id=\"00791da\" data-element_type=\"container\">\n\t\t\t\t<div class=\"elementor-element elementor-element-2835e32 elementor-widget elementor-widget-image\" data-id=\"2835e32\" data-element_type=\"widget\" data-widget_type=\"image.default\">\n\t\t\t\t\t\t\t\t\t\t\t\t\t\t\t<img fetchpriority=\"high\" decoding=\"async\" width=\"620\" height=\"670\" src=\"https:\/\/www.g-strata.com\/wp-content\/uploads\/2026\/01\/12.jpg\" class=\"attachment-large size-large wp-image-1371\" alt=\"\" srcset=\"https:\/\/www.g-strata.com\/wp-content\/uploads\/2026\/01\/12.jpg 620w, https:\/\/www.g-strata.com\/wp-content\/uploads\/2026\/01\/12-278x300.jpg 278w, https:\/\/www.g-strata.com\/wp-content\/uploads\/2026\/01\/12-11x12.jpg 11w\" sizes=\"(max-width: 620px) 100vw, 620px\" \/>\t\t\t\t\t\t\t\t\t\t\t\t\t\t\t<\/div>\n\t\t\t\t<\/div>\n\t\t<div class=\"elementor-element elementor-element-ca9c02e e-con-full e-flex e-con e-child\" data-id=\"ca9c02e\" data-element_type=\"container\">\n\t\t\t\t<div class=\"elementor-element elementor-element-7b99038 elementor-widget elementor-widget-text-editor\" data-id=\"7b99038\" data-element_type=\"widget\" data-widget_type=\"text-editor.default\">\n\t\t\t\t\t\t\t\t\t<p>El Georadar es una t\u00e9cnica geof\u00edsica que consta con tecnolog\u00eda de punta para la inspecci\u00f3n del subsuelo.<\/p><p>Se trata de un m\u00e9todo no invasivo de an\u00e1lisis de materiales basado en la transmisi\u00f3n de ondas electromagn\u00e9ticas<br \/>(EM) a trav\u00e9s del sustrato, las cuales tiene un comportamiento similar a un sonar submarino, entregando informaci\u00f3n de<br \/>materiales enterrados (tuber\u00cdas, cables, etc), estratigraf\u00eda del subsuelo, y m\u00faltiples de otras aplicaciones para la ingenier\u00eda, geolog\u00eda y arqueolog\u00eda.<\/p>\t\t\t\t\t\t\t\t<\/div>\n\t\t\t\t<div class=\"elementor-element elementor-element-f5af8c9 elementor-widget elementor-widget-text-editor\" data-id=\"f5af8c9\" data-element_type=\"widget\" data-widget_type=\"text-editor.default\">\n\t\t\t\t\t\t\t\t\t<p>Nuestro sistema permite explorar hasta 8m de profundidad con un ancho de banda desde los 100 MHz hasta los 950 MHz.<\/p>\t\t\t\t\t\t\t\t<\/div>\n\t\t\t\t<\/div>\n\t\t\t\t\t<\/div>\n\t\t\t\t<\/div>\n\t\t\t\t<\/div>","protected":false},"excerpt":{"rendered":"<p>Georadar (GPR) El Georadar es una t\u00e9cnica geof\u00edsica que consta con tecnolog\u00eda de punta para la inspecci\u00f3n del subsuelo. Se trata de un m\u00e9todo no invasivo de an\u00e1lisis de materiales basado en la transmisi\u00f3n de ondas electromagn\u00e9ticas(EM) a trav\u00e9s del sustrato, las cuales tiene un comportamiento similar a un sonar submarino, entregando informaci\u00f3n demateriales enterrados [&hellip;]<\/p>","protected":false},"author":1,"featured_media":0,"parent":0,"menu_order":0,"comment_status":"closed","ping_status":"closed","template":"","meta":{"_acf_changed":false,"footnotes":""},"class_list":["post-1206","page","type-page","status-publish","hentry"],"acf":[],"_links":{"self":[{"href":"https:\/\/www.g-strata.com\/en\/wp-json\/wp\/v2\/pages\/1206","targetHints":{"allow":["GET"]}}],"collection":[{"href":"https:\/\/www.g-strata.com\/en\/wp-json\/wp\/v2\/pages"}],"about":[{"href":"https:\/\/www.g-strata.com\/en\/wp-json\/wp\/v2\/types\/page"}],"author":[{"embeddable":true,"href":"https:\/\/www.g-strata.com\/en\/wp-json\/wp\/v2\/users\/1"}],"replies":[{"embeddable":true,"href":"https:\/\/www.g-strata.com\/en\/wp-json\/wp\/v2\/comments?post=1206"}],"version-history":[{"count":7,"href":"https:\/\/www.g-strata.com\/en\/wp-json\/wp\/v2\/pages\/1206\/revisions"}],"predecessor-version":[{"id":1398,"href":"https:\/\/www.g-strata.com\/en\/wp-json\/wp\/v2\/pages\/1206\/revisions\/1398"}],"wp:attachment":[{"href":"https:\/\/www.g-strata.com\/en\/wp-json\/wp\/v2\/media?parent=1206"}],"curies":[{"name":"wp","href":"https:\/\/api.w.org\/{rel}","templated":true}]}}