{"id":1197,"date":"2026-01-22T20:16:46","date_gmt":"2026-01-22T23:16:46","guid":{"rendered":"https:\/\/www.g-strata.com\/?page_id=1197"},"modified":"2026-01-23T12:34:48","modified_gmt":"2026-01-23T15:34:48","slug":"metodo-remi","status":"publish","type":"page","link":"https:\/\/www.g-strata.com\/en\/metodo-remi\/","title":{"rendered":"M\u00e9todo REMI"},"content":{"rendered":"<div data-elementor-type=\"wp-page\" data-elementor-id=\"1197\" class=\"elementor elementor-1197\">\n\t\t\t\t<div class=\"elementor-element elementor-element-c52c747 e-flex e-con-boxed e-con e-parent\" data-id=\"c52c747\" data-element_type=\"container\" data-settings=\"{&quot;background_background&quot;:&quot;classic&quot;}\">\n\t\t\t\t\t<div class=\"e-con-inner\">\n\t\t\t\t<div class=\"elementor-element elementor-element-70288e7 elementor-widget elementor-widget-heading\" data-id=\"70288e7\" data-element_type=\"widget\" data-widget_type=\"heading.default\">\n\t\t\t\t\t<h2 class=\"elementor-heading-title elementor-size-default\">M\u00e9todo REMI (Refraction Microtremor)\n<\/h2>\t\t\t\t<\/div>\n\t\t\t\t\t<\/div>\n\t\t\t\t<\/div>\n\t\t<div class=\"elementor-element elementor-element-bfb1f09 e-flex e-con-boxed e-con e-parent\" data-id=\"bfb1f09\" data-element_type=\"container\">\n\t\t\t\t\t<div class=\"e-con-inner\">\n\t\t<div class=\"elementor-element elementor-element-00791da e-con-full e-flex e-con e-child\" data-id=\"00791da\" data-element_type=\"container\">\n\t\t\t\t<div class=\"elementor-element elementor-element-c8dd095 elementor-widget elementor-widget-image\" data-id=\"c8dd095\" data-element_type=\"widget\" data-widget_type=\"image.default\">\n\t\t\t\t\t\t\t\t\t\t\t\t\t\t\t<img fetchpriority=\"high\" decoding=\"async\" width=\"620\" height=\"670\" src=\"https:\/\/www.g-strata.com\/wp-content\/uploads\/2026\/01\/10.jpg\" class=\"attachment-large size-large wp-image-1370\" alt=\"\" srcset=\"https:\/\/www.g-strata.com\/wp-content\/uploads\/2026\/01\/10.jpg 620w, https:\/\/www.g-strata.com\/wp-content\/uploads\/2026\/01\/10-278x300.jpg 278w, https:\/\/www.g-strata.com\/wp-content\/uploads\/2026\/01\/10-11x12.jpg 11w\" sizes=\"(max-width: 620px) 100vw, 620px\" \/>\t\t\t\t\t\t\t\t\t\t\t\t\t\t\t<\/div>\n\t\t\t\t<\/div>\n\t\t<div class=\"elementor-element elementor-element-ca9c02e e-con-full e-flex e-con e-child\" data-id=\"ca9c02e\" data-element_type=\"container\">\n\t\t\t\t<div class=\"elementor-element elementor-element-7b99038 elementor-widget elementor-widget-text-editor\" data-id=\"7b99038\" data-element_type=\"widget\" data-widget_type=\"text-editor.default\">\n\t\t\t\t\t\t\t\t\t<p>Es una t\u00e9cnica geof\u00edsica que combina los principios de refracci\u00f3n s\u00edsmica y las vibraciones naturales del suelo (microtremores), es similar al m\u00e9todo MAM. Se utiliza para mapear la velocidad de propagaci\u00f3n de ondas superficiales y determinar las propiedades geot\u00e9cnicas y estructurales del subsuelo a niveles superficiales.<\/p>\t\t\t\t\t\t\t\t<\/div>\n\t\t\t\t<div class=\"elementor-element elementor-element-f5af8c9 elementor-widget elementor-widget-text-editor\" data-id=\"f5af8c9\" data-element_type=\"widget\" data-widget_type=\"text-editor.default\">\n\t\t\t\t\t\t\t\t\t<p><strong>Working Principle:<\/strong><br \/>El m\u00e9todo REMI se basa en el an\u00e1lisis de las ondas de superficie generadas por microtremores ambientales. Estas ondas<br \/>superficiales son influenciadas por las propiedades del subsuelo y pueden utilizarse para inferir la velocidad de<br \/>propagaci\u00f3n de ondas y la respuesta s\u00edsmica local.<\/p>\t\t\t\t\t\t\t\t<\/div>\n\t\t\t\t<\/div>\n\t\t\t\t\t<\/div>\n\t\t\t\t<\/div>\n\t\t\t\t<\/div>","protected":false},"excerpt":{"rendered":"<p>M\u00e9todo REMI (Refraction Microtremor) Es una t\u00e9cnica geof\u00edsica que combina los principios de refracci\u00f3n s\u00edsmica y las vibraciones naturales del suelo (microtremores), es similar al m\u00e9todo MAM. Se utiliza para mapear la velocidad de propagaci\u00f3n de ondas superficiales y determinar las propiedades geot\u00e9cnicas y estructurales del subsuelo a niveles superficiales. Principio de Funcionamiento:El m\u00e9todo REMI [&hellip;]<\/p>","protected":false},"author":1,"featured_media":0,"parent":0,"menu_order":0,"comment_status":"closed","ping_status":"closed","template":"","meta":{"_acf_changed":false,"footnotes":""},"class_list":["post-1197","page","type-page","status-publish","hentry"],"acf":[],"_links":{"self":[{"href":"https:\/\/www.g-strata.com\/en\/wp-json\/wp\/v2\/pages\/1197","targetHints":{"allow":["GET"]}}],"collection":[{"href":"https:\/\/www.g-strata.com\/en\/wp-json\/wp\/v2\/pages"}],"about":[{"href":"https:\/\/www.g-strata.com\/en\/wp-json\/wp\/v2\/types\/page"}],"author":[{"embeddable":true,"href":"https:\/\/www.g-strata.com\/en\/wp-json\/wp\/v2\/users\/1"}],"replies":[{"embeddable":true,"href":"https:\/\/www.g-strata.com\/en\/wp-json\/wp\/v2\/comments?post=1197"}],"version-history":[{"count":7,"href":"https:\/\/www.g-strata.com\/en\/wp-json\/wp\/v2\/pages\/1197\/revisions"}],"predecessor-version":[{"id":1395,"href":"https:\/\/www.g-strata.com\/en\/wp-json\/wp\/v2\/pages\/1197\/revisions\/1395"}],"wp:attachment":[{"href":"https:\/\/www.g-strata.com\/en\/wp-json\/wp\/v2\/media?parent=1197"}],"curies":[{"name":"wp","href":"https:\/\/api.w.org\/{rel}","templated":true}]}}