{"id":1191,"date":"2026-01-22T20:14:05","date_gmt":"2026-01-22T23:14:05","guid":{"rendered":"https:\/\/www.g-strata.com\/?page_id=1191"},"modified":"2026-01-23T12:34:29","modified_gmt":"2026-01-23T15:34:29","slug":"metodo-h-v-o-nakamura","status":"publish","type":"page","link":"https:\/\/www.g-strata.com\/en\/metodo-h-v-o-nakamura\/","title":{"rendered":"M\u00e9todo H\/V o Nakamura"},"content":{"rendered":"<div data-elementor-type=\"wp-page\" data-elementor-id=\"1191\" class=\"elementor elementor-1191\">\n\t\t\t\t<div class=\"elementor-element elementor-element-c52c747 e-flex e-con-boxed e-con e-parent\" data-id=\"c52c747\" data-element_type=\"container\" data-settings=\"{&quot;background_background&quot;:&quot;classic&quot;}\">\n\t\t\t\t\t<div class=\"e-con-inner\">\n\t\t\t\t<div class=\"elementor-element elementor-element-70288e7 elementor-widget elementor-widget-heading\" data-id=\"70288e7\" data-element_type=\"widget\" data-widget_type=\"heading.default\">\n\t\t\t\t\t<h2 class=\"elementor-heading-title elementor-size-default\">SERVICIOS M\u00e9todo H\/V o Nakamura<\/h2>\t\t\t\t<\/div>\n\t\t\t\t\t<\/div>\n\t\t\t\t<\/div>\n\t\t<div class=\"elementor-element elementor-element-bfb1f09 e-flex e-con-boxed e-con e-parent\" data-id=\"bfb1f09\" data-element_type=\"container\">\n\t\t\t\t\t<div class=\"e-con-inner\">\n\t\t<div class=\"elementor-element elementor-element-00791da e-con-full e-flex e-con e-child\" data-id=\"00791da\" data-element_type=\"container\">\n\t\t\t\t<div class=\"elementor-element elementor-element-5cbbb0e elementor-widget elementor-widget-image\" data-id=\"5cbbb0e\" data-element_type=\"widget\" data-widget_type=\"image.default\">\n\t\t\t\t\t\t\t\t\t\t\t\t\t\t\t<img fetchpriority=\"high\" decoding=\"async\" width=\"620\" height=\"670\" src=\"https:\/\/www.g-strata.com\/wp-content\/uploads\/2026\/01\/9.jpg\" class=\"attachment-large size-large wp-image-1368\" alt=\"\" srcset=\"https:\/\/www.g-strata.com\/wp-content\/uploads\/2026\/01\/9.jpg 620w, https:\/\/www.g-strata.com\/wp-content\/uploads\/2026\/01\/9-278x300.jpg 278w, https:\/\/www.g-strata.com\/wp-content\/uploads\/2026\/01\/9-11x12.jpg 11w\" sizes=\"(max-width: 620px) 100vw, 620px\" \/>\t\t\t\t\t\t\t\t\t\t\t\t\t\t\t<\/div>\n\t\t\t\t<\/div>\n\t\t<div class=\"elementor-element elementor-element-ca9c02e e-con-full e-flex e-con e-child\" data-id=\"ca9c02e\" data-element_type=\"container\">\n\t\t\t\t<div class=\"elementor-element elementor-element-7b99038 elementor-widget elementor-widget-text-editor\" data-id=\"7b99038\" data-element_type=\"widget\" data-widget_type=\"text-editor.default\">\n\t\t\t\t\t\t\t\t\t<p>El m\u00e9todo H\/V, tambi\u00e9n conocido como m\u00e9todo Nakamura o m\u00e9todo H\/V Nakamura, es una t\u00e9cnica geof\u00edsica<br \/>avanzada utilizada para investigar las propiedades estructurales del subsuelo de una manera no invasiva. Este m\u00e9todo se ha convertido en una herramienta esencial en la caracterizaci\u00f3n de sitios para una<br \/>variedad de aplicaciones, como la ingenier\u00eda geot\u00e9cnica, la sismolog\u00eda, la evaluaci\u00f3n de riesgos s\u00edsmicos y la planificaci\u00f3n de infraestructuras.<\/p>\t\t\t\t\t\t\t\t<\/div>\n\t\t\t\t<div class=\"elementor-element elementor-element-f5af8c9 elementor-widget elementor-widget-text-editor\" data-id=\"f5af8c9\" data-element_type=\"widget\" data-widget_type=\"text-editor.default\">\n\t\t\t\t\t\t\t\t\t<p><strong>Working Principle:<\/strong><br \/>El m\u00e9todo H\/V se basa en el an\u00e1lisis de las ondas de microtremor ambiental, que son<br \/>vibraciones naturales del suelo causadas por fuentes como el tr\u00e1fico, el viento o actividades humanas. Estas vibraciones son capturadas por estaciones s\u00edsmicas de superficie y se procesan para extraer<br \/>informaci\u00f3n valiosa sobre las propiedades del subsuelo.<\/p>\t\t\t\t\t\t\t\t<\/div>\n\t\t\t\t<\/div>\n\t\t\t\t\t<\/div>\n\t\t\t\t<\/div>\n\t\t\t\t<\/div>","protected":false},"excerpt":{"rendered":"<p>SERVICIOS M\u00e9todo H\/V o Nakamura El m\u00e9todo H\/V, tambi\u00e9n conocido como m\u00e9todo Nakamura o m\u00e9todo H\/V Nakamura, es una t\u00e9cnica geof\u00edsicaavanzada utilizada para investigar las propiedades estructurales del subsuelo de una manera no invasiva. Este m\u00e9todo se ha convertido en una herramienta esencial en la caracterizaci\u00f3n de sitios para unavariedad de aplicaciones, como la ingenier\u00eda [&hellip;]<\/p>","protected":false},"author":1,"featured_media":0,"parent":0,"menu_order":0,"comment_status":"closed","ping_status":"closed","template":"","meta":{"_acf_changed":false,"footnotes":""},"class_list":["post-1191","page","type-page","status-publish","hentry"],"acf":[],"_links":{"self":[{"href":"https:\/\/www.g-strata.com\/en\/wp-json\/wp\/v2\/pages\/1191","targetHints":{"allow":["GET"]}}],"collection":[{"href":"https:\/\/www.g-strata.com\/en\/wp-json\/wp\/v2\/pages"}],"about":[{"href":"https:\/\/www.g-strata.com\/en\/wp-json\/wp\/v2\/types\/page"}],"author":[{"embeddable":true,"href":"https:\/\/www.g-strata.com\/en\/wp-json\/wp\/v2\/users\/1"}],"replies":[{"embeddable":true,"href":"https:\/\/www.g-strata.com\/en\/wp-json\/wp\/v2\/comments?post=1191"}],"version-history":[{"count":7,"href":"https:\/\/www.g-strata.com\/en\/wp-json\/wp\/v2\/pages\/1191\/revisions"}],"predecessor-version":[{"id":1389,"href":"https:\/\/www.g-strata.com\/en\/wp-json\/wp\/v2\/pages\/1191\/revisions\/1389"}],"wp:attachment":[{"href":"https:\/\/www.g-strata.com\/en\/wp-json\/wp\/v2\/media?parent=1191"}],"curies":[{"name":"wp","href":"https:\/\/api.w.org\/{rel}","templated":true}]}}