{"id":1176,"date":"2026-01-22T20:06:12","date_gmt":"2026-01-22T23:06:12","guid":{"rendered":"https:\/\/www.g-strata.com\/?page_id=1176"},"modified":"2026-01-23T12:33:48","modified_gmt":"2026-01-23T15:33:48","slug":"metodo-transiente-electromagnetico","status":"publish","type":"page","link":"https:\/\/www.g-strata.com\/en\/metodo-transiente-electromagnetico\/","title":{"rendered":"M\u00e9todo Transiente Electromagn\u00e9tico"},"content":{"rendered":"<div data-elementor-type=\"wp-page\" data-elementor-id=\"1176\" class=\"elementor elementor-1176\">\n\t\t\t\t<div class=\"elementor-element elementor-element-c52c747 e-flex e-con-boxed e-con e-parent\" data-id=\"c52c747\" data-element_type=\"container\" data-settings=\"{&quot;background_background&quot;:&quot;classic&quot;}\">\n\t\t\t\t\t<div class=\"e-con-inner\">\n\t\t\t\t<div class=\"elementor-element elementor-element-70288e7 elementor-widget elementor-widget-heading\" data-id=\"70288e7\" data-element_type=\"widget\" data-widget_type=\"heading.default\">\n\t\t\t\t\t<h2 class=\"elementor-heading-title elementor-size-default\">M\u00e9todo Transiente Electromagn\u00e9tico (TEM)\n<\/h2>\t\t\t\t<\/div>\n\t\t\t\t\t<\/div>\n\t\t\t\t<\/div>\n\t\t<div class=\"elementor-element elementor-element-bfb1f09 e-flex e-con-boxed e-con e-parent\" data-id=\"bfb1f09\" data-element_type=\"container\">\n\t\t\t\t\t<div class=\"e-con-inner\">\n\t\t<div class=\"elementor-element elementor-element-00791da e-con-full e-flex e-con e-child\" data-id=\"00791da\" data-element_type=\"container\">\n\t\t\t\t<div class=\"elementor-element elementor-element-a918d0b elementor-widget elementor-widget-image\" data-id=\"a918d0b\" data-element_type=\"widget\" data-widget_type=\"image.default\">\n\t\t\t\t\t\t\t\t\t\t\t\t\t\t\t<img fetchpriority=\"high\" decoding=\"async\" width=\"620\" height=\"670\" src=\"https:\/\/www.g-strata.com\/wp-content\/uploads\/2026\/01\/6.jpg\" class=\"attachment-large size-large wp-image-1367\" alt=\"\" srcset=\"https:\/\/www.g-strata.com\/wp-content\/uploads\/2026\/01\/6.jpg 620w, https:\/\/www.g-strata.com\/wp-content\/uploads\/2026\/01\/6-278x300.jpg 278w, https:\/\/www.g-strata.com\/wp-content\/uploads\/2026\/01\/6-11x12.jpg 11w\" sizes=\"(max-width: 620px) 100vw, 620px\" \/>\t\t\t\t\t\t\t\t\t\t\t\t\t\t\t<\/div>\n\t\t\t\t<\/div>\n\t\t<div class=\"elementor-element elementor-element-ca9c02e e-con-full e-flex e-con e-child\" data-id=\"ca9c02e\" data-element_type=\"container\">\n\t\t\t\t<div class=\"elementor-element elementor-element-7b99038 elementor-widget elementor-widget-text-editor\" data-id=\"7b99038\" data-element_type=\"widget\" data-widget_type=\"text-editor.default\">\n\t\t\t\t\t\t\t\t\t<p>Es una t\u00e9cnica geof\u00edsica avanzada y no invasiva utilizada para investigar la distribuci\u00f3n de resistividad el\u00e9ctrica vertical del subsuelo. Su objetivo principal es obtener informaci\u00f3n sobre las propiedades el\u00e9ctricas y geol\u00f3gicas de las capas subsuperficiales. El m\u00e9todo TEM usualmente se utiliza en la exploraci\u00f3n de recursos h\u00eddricos, la caracterizaci\u00f3n geol\u00f3gica, la detecci\u00f3n de zonas mineralizadas y la identificaci\u00f3n de posibles zonas de acumulaci\u00f3n de agua subterr\u00e1nea.<\/p>\t\t\t\t\t\t\t\t<\/div>\n\t\t\t\t<div class=\"elementor-element elementor-element-f5af8c9 elementor-widget elementor-widget-text-editor\" data-id=\"f5af8c9\" data-element_type=\"widget\" data-widget_type=\"text-editor.default\">\n\t\t\t\t\t\t\t\t\t<p><strong>Working Principle:<\/strong><br \/>El m\u00e9todo TEM se basa en el principio de la inducci\u00f3n electromagn\u00e9tica, la cual consiste en la generaci\u00f3n de pulsos de corriente el\u00e9ctrica de alta intensidad a trav\u00e9s de una bobina emisora colocada en la superficie del terreno.<br \/>Posterior a esto se para el pulso y se mide el tiempo de respuesta del subsuelo en volver a su estado de equilibrio mediante una bobina receptora. Estos pulsos generan campos electromagn\u00e9ticos que penetran en el subsuelo y, a medida que estos campos cambian con el tiempo, inducen corrientes el\u00e9ctricas en las formaciones geol\u00f3gicas subyacentes, lo cual permite determinar la resistividad el\u00e9ctrica del subsuelo.<\/p>\t\t\t\t\t\t\t\t<\/div>\n\t\t\t\t<\/div>\n\t\t\t\t\t<\/div>\n\t\t\t\t<\/div>\n\t\t\t\t<\/div>","protected":false},"excerpt":{"rendered":"<p>M\u00e9todo Transiente Electromagn\u00e9tico (TEM) Es una t\u00e9cnica geof\u00edsica avanzada y no invasiva utilizada para investigar la distribuci\u00f3n de resistividad el\u00e9ctrica vertical del subsuelo. Su objetivo principal es obtener informaci\u00f3n sobre las propiedades el\u00e9ctricas y geol\u00f3gicas de las capas subsuperficiales. El m\u00e9todo TEM usualmente se utiliza en la exploraci\u00f3n de recursos h\u00eddricos, la caracterizaci\u00f3n geol\u00f3gica, la [&hellip;]<\/p>","protected":false},"author":1,"featured_media":0,"parent":0,"menu_order":0,"comment_status":"closed","ping_status":"closed","template":"","meta":{"_acf_changed":false,"footnotes":""},"class_list":["post-1176","page","type-page","status-publish","hentry"],"acf":[],"_links":{"self":[{"href":"https:\/\/www.g-strata.com\/en\/wp-json\/wp\/v2\/pages\/1176","targetHints":{"allow":["GET"]}}],"collection":[{"href":"https:\/\/www.g-strata.com\/en\/wp-json\/wp\/v2\/pages"}],"about":[{"href":"https:\/\/www.g-strata.com\/en\/wp-json\/wp\/v2\/types\/page"}],"author":[{"embeddable":true,"href":"https:\/\/www.g-strata.com\/en\/wp-json\/wp\/v2\/users\/1"}],"replies":[{"embeddable":true,"href":"https:\/\/www.g-strata.com\/en\/wp-json\/wp\/v2\/comments?post=1176"}],"version-history":[{"count":7,"href":"https:\/\/www.g-strata.com\/en\/wp-json\/wp\/v2\/pages\/1176\/revisions"}],"predecessor-version":[{"id":1380,"href":"https:\/\/www.g-strata.com\/en\/wp-json\/wp\/v2\/pages\/1176\/revisions\/1380"}],"wp:attachment":[{"href":"https:\/\/www.g-strata.com\/en\/wp-json\/wp\/v2\/media?parent=1176"}],"curies":[{"name":"wp","href":"https:\/\/api.w.org\/{rel}","templated":true}]}}