{"id":1161,"date":"2026-01-22T19:58:06","date_gmt":"2026-01-22T22:58:06","guid":{"rendered":"https:\/\/www.g-strata.com\/?page_id=1161"},"modified":"2026-01-23T12:35:58","modified_gmt":"2026-01-23T15:35:58","slug":"metodo-audio-magnetotelurico","status":"publish","type":"page","link":"https:\/\/www.g-strata.com\/en\/metodo-audio-magnetotelurico\/","title":{"rendered":"M\u00e9todo Audio-Magnetotel\u00farico"},"content":{"rendered":"<div data-elementor-type=\"wp-page\" data-elementor-id=\"1161\" class=\"elementor elementor-1161\">\n\t\t\t\t<div class=\"elementor-element elementor-element-c52c747 e-flex e-con-boxed e-con e-parent\" data-id=\"c52c747\" data-element_type=\"container\" data-settings=\"{&quot;background_background&quot;:&quot;classic&quot;}\">\n\t\t\t\t\t<div class=\"e-con-inner\">\n\t\t\t\t<div class=\"elementor-element elementor-element-70288e7 elementor-widget elementor-widget-heading\" data-id=\"70288e7\" data-element_type=\"widget\" data-widget_type=\"heading.default\">\n\t\t\t\t\t<h2 class=\"elementor-heading-title elementor-size-default\">M\u00e9todo Audio-Magnetotel\u00farico (AMT)<\/h2>\t\t\t\t<\/div>\n\t\t\t\t\t<\/div>\n\t\t\t\t<\/div>\n\t\t<div class=\"elementor-element elementor-element-bfb1f09 e-flex e-con-boxed e-con e-parent\" data-id=\"bfb1f09\" data-element_type=\"container\">\n\t\t\t\t\t<div class=\"e-con-inner\">\n\t\t<div class=\"elementor-element elementor-element-00791da e-con-full e-flex e-con e-child\" data-id=\"00791da\" data-element_type=\"container\">\n\t\t\t\t<div class=\"elementor-element elementor-element-b77d390 elementor-widget elementor-widget-image\" data-id=\"b77d390\" data-element_type=\"widget\" data-widget_type=\"image.default\">\n\t\t\t\t\t\t\t\t\t\t\t\t\t\t\t<img fetchpriority=\"high\" decoding=\"async\" width=\"590\" height=\"460\" src=\"https:\/\/www.g-strata.com\/wp-content\/uploads\/2026\/01\/3-1.jpg\" class=\"attachment-large size-large wp-image-800\" alt=\"\" srcset=\"https:\/\/www.g-strata.com\/wp-content\/uploads\/2026\/01\/3-1.jpg 590w, https:\/\/www.g-strata.com\/wp-content\/uploads\/2026\/01\/3-1-300x234.jpg 300w, https:\/\/www.g-strata.com\/wp-content\/uploads\/2026\/01\/3-1-15x12.jpg 15w\" sizes=\"(max-width: 590px) 100vw, 590px\" \/>\t\t\t\t\t\t\t\t\t\t\t\t\t\t\t<\/div>\n\t\t\t\t<\/div>\n\t\t<div class=\"elementor-element elementor-element-ca9c02e e-con-full e-flex e-con e-child\" data-id=\"ca9c02e\" data-element_type=\"container\">\n\t\t\t\t<div class=\"elementor-element elementor-element-7b99038 elementor-widget elementor-widget-text-editor\" data-id=\"7b99038\" data-element_type=\"widget\" data-widget_type=\"text-editor.default\">\n\t\t\t\t\t\t\t\t\t<p>El m\u00e9todo Audio-Magnetotel\u00farico (AMT) es una t\u00e9cnica geof\u00edsica avanzada utilizada para investigar la resistividad el\u00e9ctrica del subsuelo a diferentes profundidades, desde superficie hasta incluso 1000 m de profundidad. Este m\u00e9todo combina mediciones el\u00e9ctricas y magn\u00e9ticas de campo natural para obtener<br \/>informaci\u00f3n sobre la distribuci\u00f3n de resistividad en el subsuelo y caracterizar las propiedades geol\u00f3gicas y geot\u00e9cnicas.<\/p>\t\t\t\t\t\t\t\t<\/div>\n\t\t\t\t<div class=\"elementor-element elementor-element-f5af8c9 elementor-widget elementor-widget-text-editor\" data-id=\"f5af8c9\" data-element_type=\"widget\" data-widget_type=\"text-editor.default\">\n\t\t\t\t\t\t\t\t\t<p><strong>Working Principle:<\/strong><br \/>El m\u00e9todo AMT se basa en la detecci\u00f3n de campos electromagn\u00e9ticos naturales generados por fuentes c\u00f3smicas y terrestres.<br \/>Estos campos cambian con la resistividad el\u00e9ctrica del subsuelo, lo que permite inferir las caracter\u00edsticas geol\u00f3gicas y las propiedades del suelo.<\/p>\t\t\t\t\t\t\t\t<\/div>\n\t\t\t\t<\/div>\n\t\t\t\t\t<\/div>\n\t\t\t\t<\/div>\n\t\t\t\t<\/div>","protected":false},"excerpt":{"rendered":"<p>M\u00e9todo Audio-Magnetotel\u00farico (AMT) El m\u00e9todo Audio-Magnetotel\u00farico (AMT) es una t\u00e9cnica geof\u00edsica avanzada utilizada para investigar la resistividad el\u00e9ctrica del subsuelo a diferentes profundidades, desde superficie hasta incluso 1000 m de profundidad. Este m\u00e9todo combina mediciones el\u00e9ctricas y magn\u00e9ticas de campo natural para obtenerinformaci\u00f3n sobre la distribuci\u00f3n de resistividad en el subsuelo y caracterizar las propiedades [&hellip;]<\/p>","protected":false},"author":1,"featured_media":0,"parent":0,"menu_order":0,"comment_status":"closed","ping_status":"closed","template":"","meta":{"_acf_changed":false,"footnotes":""},"class_list":["post-1161","page","type-page","status-publish","hentry"],"acf":[],"_links":{"self":[{"href":"https:\/\/www.g-strata.com\/en\/wp-json\/wp\/v2\/pages\/1161","targetHints":{"allow":["GET"]}}],"collection":[{"href":"https:\/\/www.g-strata.com\/en\/wp-json\/wp\/v2\/pages"}],"about":[{"href":"https:\/\/www.g-strata.com\/en\/wp-json\/wp\/v2\/types\/page"}],"author":[{"embeddable":true,"href":"https:\/\/www.g-strata.com\/en\/wp-json\/wp\/v2\/users\/1"}],"replies":[{"embeddable":true,"href":"https:\/\/www.g-strata.com\/en\/wp-json\/wp\/v2\/comments?post=1161"}],"version-history":[{"count":7,"href":"https:\/\/www.g-strata.com\/en\/wp-json\/wp\/v2\/pages\/1161\/revisions"}],"predecessor-version":[{"id":1407,"href":"https:\/\/www.g-strata.com\/en\/wp-json\/wp\/v2\/pages\/1161\/revisions\/1407"}],"wp:attachment":[{"href":"https:\/\/www.g-strata.com\/en\/wp-json\/wp\/v2\/media?parent=1161"}],"curies":[{"name":"wp","href":"https:\/\/api.w.org\/{rel}","templated":true}]}}