{"id":1156,"date":"2026-01-22T19:53:08","date_gmt":"2026-01-22T22:53:08","guid":{"rendered":"https:\/\/www.g-strata.com\/?page_id=1156"},"modified":"2026-01-23T12:35:44","modified_gmt":"2026-01-23T15:35:44","slug":"ensayo-sismoelectrico","status":"publish","type":"page","link":"https:\/\/www.g-strata.com\/en\/ensayo-sismoelectrico\/","title":{"rendered":"Seismoelectric Test"},"content":{"rendered":"<div data-elementor-type=\"wp-page\" data-elementor-id=\"1156\" class=\"elementor elementor-1156\">\n\t\t\t\t<div class=\"elementor-element elementor-element-c52c747 e-flex e-con-boxed e-con e-parent\" data-id=\"c52c747\" data-element_type=\"container\" data-settings=\"{&quot;background_background&quot;:&quot;classic&quot;}\">\n\t\t\t\t\t<div class=\"e-con-inner\">\n\t\t\t\t<div class=\"elementor-element elementor-element-70288e7 elementor-widget elementor-widget-heading\" data-id=\"70288e7\" data-element_type=\"widget\" data-widget_type=\"heading.default\">\n\t\t\t\t\t<h2 class=\"elementor-heading-title elementor-size-default\">Seismoelectric Test<\/h2>\t\t\t\t<\/div>\n\t\t\t\t\t<\/div>\n\t\t\t\t<\/div>\n\t\t<div class=\"elementor-element elementor-element-bfb1f09 e-flex e-con-boxed e-con e-parent\" data-id=\"bfb1f09\" data-element_type=\"container\">\n\t\t\t\t\t<div class=\"e-con-inner\">\n\t\t<div class=\"elementor-element elementor-element-00791da e-con-full e-flex e-con e-child\" data-id=\"00791da\" data-element_type=\"container\">\n\t\t\t\t<div class=\"elementor-element elementor-element-7f79e39 elementor-widget elementor-widget-image\" data-id=\"7f79e39\" data-element_type=\"widget\" data-widget_type=\"image.default\">\n\t\t\t\t\t\t\t\t\t\t\t\t\t\t\t<img fetchpriority=\"high\" decoding=\"async\" width=\"590\" height=\"460\" src=\"https:\/\/www.g-strata.com\/wp-content\/uploads\/2026\/01\/2-1.jpg\" class=\"attachment-large size-large wp-image-796\" alt=\"\" srcset=\"https:\/\/www.g-strata.com\/wp-content\/uploads\/2026\/01\/2-1.jpg 590w, https:\/\/www.g-strata.com\/wp-content\/uploads\/2026\/01\/2-1-300x234.jpg 300w, https:\/\/www.g-strata.com\/wp-content\/uploads\/2026\/01\/2-1-15x12.jpg 15w\" sizes=\"(max-width: 590px) 100vw, 590px\" \/>\t\t\t\t\t\t\t\t\t\t\t\t\t\t\t<\/div>\n\t\t\t\t<\/div>\n\t\t<div class=\"elementor-element elementor-element-ca9c02e e-con-full e-flex e-con e-child\" data-id=\"ca9c02e\" data-element_type=\"container\">\n\t\t\t\t<div class=\"elementor-element elementor-element-7b99038 elementor-widget elementor-widget-text-editor\" data-id=\"7b99038\" data-element_type=\"widget\" data-widget_type=\"text-editor.default\">\n\t\t\t\t\t\t\t\t\t<p>Es una t\u00e9cnica geof\u00edsica avanzada que combina principios de los m\u00e9todos s\u00edsmicos y el\u00e9ctricos<br \/>para investigar las propiedades hidr\u00e1ulicas del subsuelo de manera integral. Este m\u00e9todo se<br \/>utiliza para obtener informaci\u00f3n valiosa sobre la presencia o ocurrencia de agua subterr\u00e1nea,<br \/>siendo especialmente \u00fatil en aplicaciones relacionadas con la exploraci\u00f3n de recursos h\u00eddricos y la caracterizaci\u00f3n de acu\u00edferos.<\/p>\t\t\t\t\t\t\t\t<\/div>\n\t\t\t\t<div class=\"elementor-element elementor-element-f5af8c9 elementor-widget elementor-widget-text-editor\" data-id=\"f5af8c9\" data-element_type=\"widget\" data-widget_type=\"text-editor.default\">\n\t\t\t\t\t\t\t\t\t<p><strong>Working Principle:<\/strong><br \/>Se basa en la interacci\u00f3n entre ondas s\u00edsmicas generadas por una fuente superficial controlada y las respuestas el\u00e9ctricas inducidas en el subsuelo.<br \/>Las variaciones en la resistividad de los materiales, especialmente en presencia de agua, son registradas mediante mediciones el\u00e9ctricas en superficie. El m\u00e9todo permite obtener modelos 2D y 3D de la conductividad hidr\u00e1ulica del subsuelo, estimar caudales de aporte y explorar profundidades de hasta 200 metros.<\/p>\t\t\t\t\t\t\t\t<\/div>\n\t\t\t\t<\/div>\n\t\t\t\t\t<\/div>\n\t\t\t\t<\/div>\n\t\t\t\t<\/div>","protected":false},"excerpt":{"rendered":"<p>Ensayo Sismoel\u00e9ctrico Es una t\u00e9cnica geof\u00edsica avanzada que combina principios de los m\u00e9todos s\u00edsmicos y el\u00e9ctricospara investigar las propiedades hidr\u00e1ulicas del subsuelo de manera integral. Este m\u00e9todo seutiliza para obtener informaci\u00f3n valiosa sobre la presencia o ocurrencia de agua subterr\u00e1nea,siendo especialmente \u00fatil en aplicaciones relacionadas con la exploraci\u00f3n de recursos h\u00eddricos y la caracterizaci\u00f3n de [&hellip;]<\/p>","protected":false},"author":1,"featured_media":0,"parent":0,"menu_order":0,"comment_status":"closed","ping_status":"closed","template":"","meta":{"_acf_changed":false,"footnotes":""},"class_list":["post-1156","page","type-page","status-publish","hentry"],"acf":[],"_links":{"self":[{"href":"https:\/\/www.g-strata.com\/en\/wp-json\/wp\/v2\/pages\/1156","targetHints":{"allow":["GET"]}}],"collection":[{"href":"https:\/\/www.g-strata.com\/en\/wp-json\/wp\/v2\/pages"}],"about":[{"href":"https:\/\/www.g-strata.com\/en\/wp-json\/wp\/v2\/types\/page"}],"author":[{"embeddable":true,"href":"https:\/\/www.g-strata.com\/en\/wp-json\/wp\/v2\/users\/1"}],"replies":[{"embeddable":true,"href":"https:\/\/www.g-strata.com\/en\/wp-json\/wp\/v2\/comments?post=1156"}],"version-history":[{"count":7,"href":"https:\/\/www.g-strata.com\/en\/wp-json\/wp\/v2\/pages\/1156\/revisions"}],"predecessor-version":[{"id":1404,"href":"https:\/\/www.g-strata.com\/en\/wp-json\/wp\/v2\/pages\/1156\/revisions\/1404"}],"wp:attachment":[{"href":"https:\/\/www.g-strata.com\/en\/wp-json\/wp\/v2\/media?parent=1156"}],"curies":[{"name":"wp","href":"https:\/\/api.w.org\/{rel}","templated":true}]}}